{"id":12,"date":"2024-10-30T15:58:48","date_gmt":"2024-10-30T18:58:48","guid":{"rendered":"http:\/\/vetores.inf.br\/?page_id=12"},"modified":"2024-10-31T14:49:10","modified_gmt":"2024-10-31T17:49:10","slug":"home","status":"publish","type":"page","link":"https:\/\/vetores.inf.br\/","title":{"rendered":"Home"},"content":{"rendered":"\n<div class=\"wp-block-cover alignfull is-light hestia-clear-top-padding\"><span aria-hidden=\"true\" class=\"wp-block-cover__background has-white-background-color has-background-dim-100 has-background-dim\"><\/span><div class=\"wp-block-cover__inner-container is-layout-flow wp-block-cover-is-layout-flow\">\n<h2 class=\"wp-block-heading has-text-align-center has-text-color\" style=\"color:#3c4858\">O que defendemos?<\/h2>\n\n\n\n<div style=\"height:40px\" aria-hidden=\"true\" class=\"wp-block-spacer\"><\/div>\n\n\n\n<div class=\"wp-block-columns container is-layout-flex wp-container-core-columns-is-layout-28f84493 wp-block-columns-is-layout-flex\">\n<div class=\"wp-block-column is-layout-flow wp-block-column-is-layout-flow\"><div class=\"wp-block-image\">\n<figure class=\"aligncenter size-full is-resized\"><img fetchpriority=\"high\" decoding=\"async\" width=\"512\" height=\"512\" src=\"http:\/\/vetores.inf.br\/wp-content\/uploads\/2024\/10\/Qualidade.png\" alt=\"\" class=\"wp-image-52\" style=\"width:100px\" srcset=\"https:\/\/vetores.inf.br\/wp-content\/uploads\/2024\/10\/Qualidade.png 512w, https:\/\/vetores.inf.br\/wp-content\/uploads\/2024\/10\/Qualidade-300x300.png 300w, https:\/\/vetores.inf.br\/wp-content\/uploads\/2024\/10\/Qualidade-150x150.png 150w\" sizes=\"(max-width: 512px) 100vw, 512px\" \/><\/figure>\n<\/div>\n\n\n<h5 class=\"wp-block-heading has-text-align-center has-text-color\" style=\"color:#3c4858;font-size:18px\">Qualidade<\/h5>\n\n\n\n<p class=\"has-text-align-center has-text-color\" style=\"color:#999999;font-size:14px\">Buscamos um alto n\u00edvel de suporte ao cliente e servi\u00e7os confi\u00e1veis.<\/p>\n\n\n\n<div style=\"height:25px\" aria-hidden=\"true\" class=\"wp-block-spacer\"><\/div>\n<\/div>\n\n\n\n<div class=\"wp-block-column is-layout-flow wp-block-column-is-layout-flow\"><div class=\"wp-block-image\">\n<figure class=\"aligncenter size-full is-resized\"><img decoding=\"async\" width=\"512\" height=\"512\" src=\"http:\/\/vetores.inf.br\/wp-content\/uploads\/2024\/10\/Flexibilidade.fw_.png\" alt=\"\" class=\"wp-image-53\" style=\"width:100px\" srcset=\"https:\/\/vetores.inf.br\/wp-content\/uploads\/2024\/10\/Flexibilidade.fw_.png 512w, https:\/\/vetores.inf.br\/wp-content\/uploads\/2024\/10\/Flexibilidade.fw_-300x300.png 300w, https:\/\/vetores.inf.br\/wp-content\/uploads\/2024\/10\/Flexibilidade.fw_-150x150.png 150w\" sizes=\"(max-width: 512px) 100vw, 512px\" \/><\/figure>\n<\/div>\n\n\n<h5 class=\"wp-block-heading has-text-align-center has-text-color\" style=\"color:#3c4858;font-size:18px\">Flexibilidade<\/h5>\n\n\n\n<p class=\"has-text-align-center has-text-color\" style=\"color:#999999;font-size:14px\">Capacidade de adaptar-se \u00e0s necessidades e mudan\u00e7as al\u00e9m de fornecer solu\u00e7\u00f5es personalizadas.<\/p>\n\n\n\n<div style=\"height:25px\" aria-hidden=\"true\" class=\"wp-block-spacer\"><\/div>\n<\/div>\n\n\n\n<div class=\"wp-block-column is-layout-flow wp-block-column-is-layout-flow\"><div class=\"wp-block-image\">\n<figure class=\"aligncenter size-full is-resized\"><img decoding=\"async\" width=\"512\" height=\"512\" src=\"http:\/\/vetores.inf.br\/wp-content\/uploads\/2024\/10\/Seguranca.png\" alt=\"\" class=\"wp-image-54\" style=\"width:100px\" srcset=\"https:\/\/vetores.inf.br\/wp-content\/uploads\/2024\/10\/Seguranca.png 512w, https:\/\/vetores.inf.br\/wp-content\/uploads\/2024\/10\/Seguranca-300x300.png 300w, https:\/\/vetores.inf.br\/wp-content\/uploads\/2024\/10\/Seguranca-150x150.png 150w\" sizes=\"(max-width: 512px) 100vw, 512px\" \/><\/figure>\n<\/div>\n\n\n<h5 class=\"wp-block-heading has-text-align-center has-text-color\" style=\"color:#3c4858;font-size:18px\">Seguran\u00e7a<\/h5>\n\n\n\n<p class=\"has-text-align-center has-text-color\" style=\"color:#999999;font-size:14px\">Solu\u00e7\u00f5es robustas de seguran\u00e7a para proteger seus dados e sistemas.<\/p>\n\n\n\n<div style=\"height:25px\" aria-hidden=\"true\" class=\"wp-block-spacer\"><\/div>\n<\/div>\n\n\n\n<div class=\"wp-block-column is-layout-flow wp-block-column-is-layout-flow\"><div class=\"wp-block-image\">\n<figure class=\"aligncenter size-full is-resized\"><img loading=\"lazy\" decoding=\"async\" width=\"512\" height=\"512\" src=\"http:\/\/vetores.inf.br\/wp-content\/uploads\/2024\/10\/Inovacao.png\" alt=\"\" class=\"wp-image-55\" style=\"width:100px\" srcset=\"https:\/\/vetores.inf.br\/wp-content\/uploads\/2024\/10\/Inovacao.png 512w, https:\/\/vetores.inf.br\/wp-content\/uploads\/2024\/10\/Inovacao-300x300.png 300w, https:\/\/vetores.inf.br\/wp-content\/uploads\/2024\/10\/Inovacao-150x150.png 150w\" sizes=\"(max-width: 512px) 100vw, 512px\" \/><\/figure>\n<\/div>\n\n\n<h5 class=\"wp-block-heading has-text-align-center has-text-color\" style=\"color:#3c4858;font-size:18px\">Inova\u00e7\u00e3o<\/h5>\n\n\n\n<p class=\"has-text-align-center has-text-color\" style=\"color:#999999;font-size:14px\">Estar vanguarda da tecnologia e continuamente desenvolver solu\u00e7\u00f5es inovadoras.<\/p>\n\n\n\n<div style=\"height:25px\" aria-hidden=\"true\" class=\"wp-block-spacer\"><\/div>\n<\/div>\n<\/div>\n\n\n\n<div style=\"height:40px\" aria-hidden=\"true\" class=\"wp-block-spacer\"><\/div>\n<\/div><\/div>\n\n\n\n<div class=\"wp-block-columns container is-layout-flex wp-container-core-columns-is-layout-28f84493 wp-block-columns-is-layout-flex\">\n<div class=\"wp-block-column col-md-5 is-layout-flow wp-block-column-is-layout-flow\">\n<div style=\"height:55px\" aria-hidden=\"true\" class=\"wp-block-spacer\"><\/div>\n\n\n\n<h2 class=\"wp-block-heading\">Vetores<\/h2>\n\n\n\n<p>Com mais de 17 anos de experi\u00eancia em TI, abrangendo gest\u00e3o de projetos de infraestrutura, virtualiza\u00e7\u00e3o, redes, sistemas e seguran\u00e7a da informa\u00e7\u00e3o, possuo as habilidades e a expertise necess\u00e1rias para contribuir significativamente para o sucesso cont\u00ednuo da sua empresa.<br>Estou entusiasmado com a perspectiva de trazer minha experi\u00eancia e vis\u00e3o para a sua organiza\u00e7\u00e3o e estou confiante de que posso contribuir para o seu crescimento cont\u00ednuo e sucesso.<\/p>\n<\/div>\n<\/div>\n\n\n\n<p><\/p>\n","protected":false},"excerpt":{"rendered":"<p>Vetores Com mais de 17 anos de experi\u00eancia em TI, abrangendo gest\u00e3o de projetos de infraestrutura, virtualiza\u00e7\u00e3o, redes, sistemas e seguran\u00e7a da informa\u00e7\u00e3o, possuo as habilidades e a expertise necess\u00e1rias para contribuir significativamente para o sucesso cont\u00ednuo da sua empresa.Estou entusiasmado com a perspectiva de trazer minha experi\u00eancia e vis\u00e3o [&hellip;]<\/p>\n","protected":false},"author":1,"featured_media":137,"parent":0,"menu_order":0,"comment_status":"closed","ping_status":"closed","template":"","meta":{"footnotes":""},"class_list":["post-12","page","type-page","status-publish","has-post-thumbnail","hentry"],"_links":{"self":[{"href":"https:\/\/vetores.inf.br\/index.php?rest_route=\/wp\/v2\/pages\/12","targetHints":{"allow":["GET"]}}],"collection":[{"href":"https:\/\/vetores.inf.br\/index.php?rest_route=\/wp\/v2\/pages"}],"about":[{"href":"https:\/\/vetores.inf.br\/index.php?rest_route=\/wp\/v2\/types\/page"}],"author":[{"embeddable":true,"href":"https:\/\/vetores.inf.br\/index.php?rest_route=\/wp\/v2\/users\/1"}],"replies":[{"embeddable":true,"href":"https:\/\/vetores.inf.br\/index.php?rest_route=%2Fwp%2Fv2%2Fcomments&post=12"}],"version-history":[{"count":11,"href":"https:\/\/vetores.inf.br\/index.php?rest_route=\/wp\/v2\/pages\/12\/revisions"}],"predecessor-version":[{"id":132,"href":"https:\/\/vetores.inf.br\/index.php?rest_route=\/wp\/v2\/pages\/12\/revisions\/132"}],"wp:featuredmedia":[{"embeddable":true,"href":"https:\/\/vetores.inf.br\/index.php?rest_route=\/wp\/v2\/media\/137"}],"wp:attachment":[{"href":"https:\/\/vetores.inf.br\/index.php?rest_route=%2Fwp%2Fv2%2Fmedia&parent=12"}],"curies":[{"name":"wp","href":"https:\/\/api.w.org\/{rel}","templated":true}]}}